{"id":134,"date":"2024-11-09T09:40:33","date_gmt":"2024-11-09T09:40:33","guid":{"rendered":"https:\/\/www.la-cote-bleue-bouzigues.fr\/?page_id=134"},"modified":"2025-01-11T13:43:42","modified_gmt":"2025-01-11T13:43:42","slug":"contact-acces","status":"publish","type":"page","link":"https:\/\/www.la-cote-bleue.fr\/en\/contact-acces\/","title":{"rendered":"Contact &amp; access"},"content":{"rendered":"<div data-elementor-type=\"wp-page\" data-elementor-id=\"134\" class=\"elementor elementor-134\" data-elementor-post-type=\"page\">\n\t\t\t\t<div class=\"elementor-element elementor-element-2b4bb41 e-flex e-con-boxed e-con e-parent\" data-id=\"2b4bb41\" data-element_type=\"container\" data-settings=\"{&quot;background_background&quot;:&quot;classic&quot;}\">\n\t\t\t\t\t<div class=\"e-con-inner\">\n\t\t<div class=\"elementor-element elementor-element-8856291 e-con-full e-flex e-con e-child\" data-id=\"8856291\" data-element_type=\"container\">\n\t\t\t\t<div class=\"elementor-element elementor-element-64cb2b8 elementor-invisible elementor-widget elementor-widget-heading\" data-id=\"64cb2b8\" data-element_type=\"widget\" data-settings=\"{&quot;_animation&quot;:&quot;fadeIn&quot;}\" data-widget_type=\"heading.default\">\n\t\t\t\t<div class=\"elementor-widget-container\">\n\t\t\t<h2 class=\"elementor-heading-title elementor-size-default\">Contact<\/h2>\t\t<\/div>\n\t\t\t\t<\/div>\n\t\t\t\t<div class=\"elementor-element elementor-element-5583a37 elementor-widget__width-initial elementor-widget-mobile__width-inherit elementor-invisible elementor-widget elementor-widget-text-editor\" data-id=\"5583a37\" data-element_type=\"widget\" data-settings=\"{&quot;_animation&quot;:&quot;fadeIn&quot;,&quot;_animation_delay&quot;:&quot;200&quot;}\" data-widget_type=\"text-editor.default\">\n\t\t\t\t<div class=\"elementor-widget-container\">\n\t\t\t\t\t\t\t<p>Contact us by phone, email or form: we will be happy to answer each of your questions.\u00a0<\/p>\t\t\t\t\t\t<\/div>\n\t\t\t\t<\/div>\n\t\t\t\t<\/div>\n\t\t\t\t\t<\/div>\n\t\t\t\t<\/div>\n\t\t<div class=\"elementor-element elementor-element-8008765 e-flex e-con-boxed e-con e-child\" data-id=\"8008765\" data-element_type=\"container\">\n\t\t\t\t\t<div class=\"e-con-inner\">\n\t\t<div class=\"elementor-element elementor-element-3224289 e-con-full e-flex e-con e-child\" data-id=\"3224289\" data-element_type=\"container\">\n\t\t\t\t<div class=\"elementor-element elementor-element-f3e9168 elementor-widget__width-initial elementor-widget-tablet__width-initial elementor-invisible elementor-widget elementor-widget-heading\" data-id=\"f3e9168\" data-element_type=\"widget\" data-settings=\"{&quot;_animation&quot;:&quot;fadeIn&quot;}\" data-widget_type=\"heading.default\">\n\t\t\t\t<div class=\"elementor-widget-container\">\n\t\t\t<h2 class=\"elementor-heading-title elementor-size-default\">Contact us<\/h2>\t\t<\/div>\n\t\t\t\t<\/div>\n\t\t\t\t<div class=\"elementor-element elementor-element-68157b5 elementor-widget-tablet__width-initial elementor-widget__width-initial elementor-widget-mobile__width-inherit elementor-invisible elementor-widget elementor-widget-text-editor\" data-id=\"68157b5\" data-element_type=\"widget\" data-settings=\"{&quot;_animation&quot;:&quot;fadeIn&quot;,&quot;_animation_delay&quot;:&quot;200&quot;}\" data-widget_type=\"text-editor.default\">\n\t\t\t\t<div class=\"elementor-widget-container\">\n\t\t\t\t\t\t\tLorem ipsum dolor sit amet consectetur. Dui lacus nulla tortor vel leo tristique aliquam mauris pellentesque. Donec orci ut facilisi dictum aliquam sit nisi. Tortor condimentum porta fames id in viverra massa et sed.\t\t\t\t\t\t<\/div>\n\t\t\t\t<\/div>\n\t\t<div class=\"elementor-element elementor-element-d113769 e-con-full e-flex e-con e-child\" data-id=\"d113769\" data-element_type=\"container\">\n\t\t\t\t<div class=\"elementor-element elementor-element-9cea990 elementor-icon-list--layout-traditional elementor-list-item-link-full_width elementor-widget elementor-widget-icon-list\" data-id=\"9cea990\" data-element_type=\"widget\" data-widget_type=\"icon-list.default\">\n\t\t\t\t<div class=\"elementor-widget-container\">\n\t\t\t\t\t<ul class=\"elementor-icon-list-items\">\n\t\t\t\t\t\t\t<li class=\"elementor-icon-list-item\">\n\t\t\t\t\t\t\t\t\t\t\t<a href=\"https:\/\/maps.app.goo.gl\/AbymtSD5wz3szWdx8\">\n\n\t\t\t\t\t\t\t\t\t\t\t\t<span class=\"elementor-icon-list-icon\">\n\t\t\t\t\t\t\t<svg aria-hidden=\"true\" class=\"e-font-icon-svg e-fas-map-marker-alt\" viewbox=\"0 0 384 512\" xmlns=\"http:\/\/www.w3.org\/2000\/svg\"><path d=\"M172.268 501.67C26.97 291.031 0 269.413 0 192 0 85.961 85.961 0 192 0s192 85.961 192 192c0 77.413-26.97 99.031-172.268 309.67-9.535 13.774-29.93 13.773-39.464 0zM192 272c44.183 0 80-35.817 80-80s-35.817-80-80-80-80 35.817-80 80 35.817 80 80 80z\"><\/path><\/svg>\t\t\t\t\t\t<\/span>\n\t\t\t\t\t\t\t\t\t\t<span class=\"elementor-icon-list-text\">Avenue Louis Tudesq 34140 Bouzigues<\/span>\n\t\t\t\t\t\t\t\t\t\t\t<\/a>\n\t\t\t\t\t\t\t\t\t<\/li>\n\t\t\t\t\t\t\t\t<li class=\"elementor-icon-list-item\">\n\t\t\t\t\t\t\t\t\t\t\t<a href=\"tel: 33467783142\">\n\n\t\t\t\t\t\t\t\t\t\t\t\t<span class=\"elementor-icon-list-icon\">\n\t\t\t\t\t\t\t<svg aria-hidden=\"true\" class=\"e-font-icon-svg e-fas-phone-alt\" viewbox=\"0 0 512 512\" xmlns=\"http:\/\/www.w3.org\/2000\/svg\"><path d=\"M497.39 361.8l-112-48a24 24 0 0 0-28 6.9l-49.6 60.6A370.66 370.66 0 0 1 130.6 204.11l60.6-49.6a23.94 23.94 0 0 0 6.9-28l-48-112A24.16 24.16 0 0 0 122.6.61l-104 24A24 24 0 0 0 0 48c0 256.5 207.9 464 464 464a24 24 0 0 0 23.4-18.6l24-104a24.29 24.29 0 0 0-14.01-27.6z\"><\/path><\/svg>\t\t\t\t\t\t<\/span>\n\t\t\t\t\t\t\t\t\t\t<span class=\"elementor-icon-list-text\">+33 (0)4 67 78 31 42<\/span>\n\t\t\t\t\t\t\t\t\t\t\t<\/a>\n\t\t\t\t\t\t\t\t\t<\/li>\n\t\t\t\t\t\t\t\t<li class=\"elementor-icon-list-item\">\n\t\t\t\t\t\t\t\t\t\t\t<a href=\"mailto:lacotebleue0572@orange.fr\">\n\n\t\t\t\t\t\t\t\t\t\t\t\t<span class=\"elementor-icon-list-icon\">\n\t\t\t\t\t\t\t<svg aria-hidden=\"true\" class=\"e-font-icon-svg e-fas-envelope\" viewbox=\"0 0 512 512\" xmlns=\"http:\/\/www.w3.org\/2000\/svg\"><path d=\"M502.3 190.8c3.9-3.1 9.7-.2 9.7 4.7V400c0 26.5-21.5 48-48 48H48c-26.5 0-48-21.5-48-48V195.6c0-5 5.7-7.8 9.7-4.7 22.4 17.4 52.1 39.5 154.1 113.6 21.1 15.4 56.7 47.8 92.2 47.6 35.7.3 72-32.8 92.3-47.6 102-74.1 131.6-96.3 154-113.7zM256 320c23.2.4 56.6-29.2 73.4-41.4 132.7-96.3 142.8-104.7 173.4-128.7 5.8-4.5 9.2-11.5 9.2-18.9v-19c0-26.5-21.5-48-48-48H48C21.5 64 0 85.5 0 112v19c0 7.4 3.4 14.3 9.2 18.9 30.6 23.9 40.7 32.4 173.4 128.7 16.8 12.2 50.2 41.8 73.4 41.4z\"><\/path><\/svg>\t\t\t\t\t\t<\/span>\n\t\t\t\t\t\t\t\t\t\t<span class=\"elementor-icon-list-text\">lacotebleue0572@orange.fr<\/span>\n\t\t\t\t\t\t\t\t\t\t\t<\/a>\n\t\t\t\t\t\t\t\t\t<\/li>\n\t\t\t\t\t\t<\/ul>\n\t\t\t\t<\/div>\n\t\t\t\t<\/div>\n\t\t\t\t<\/div>\n\t\t\t\t<\/div>\n\t\t<div class=\"elementor-element elementor-element-7066bb7 e-con-full e-flex elementor-invisible e-con e-child\" data-id=\"7066bb7\" data-element_type=\"container\" data-settings=\"{&quot;background_background&quot;:&quot;classic&quot;,&quot;animation&quot;:&quot;fadeIn&quot;}\">\n\t\t\t\t<div class=\"elementor-element elementor-element-3ca0fe4 elementor-button-align-stretch elementor-widget elementor-widget-form\" data-id=\"3ca0fe4\" data-element_type=\"widget\" data-settings=\"{&quot;step_next_label&quot;:&quot;Suivant&quot;,&quot;step_previous_label&quot;:&quot;Pr\\u00e9c\\u00e9dent&quot;,&quot;button_width&quot;:&quot;100&quot;,&quot;step_type&quot;:&quot;number_text&quot;,&quot;step_icon_shape&quot;:&quot;circle&quot;}\" data-widget_type=\"form.default\">\n\t\t\t\t<div class=\"elementor-widget-container\">\n\t\t\t\t\t<form class=\"elementor-form\" method=\"post\" name=\"Nouveau formulaire\">\n\t\t\t<input type=\"hidden\" name=\"post_id\" value=\"134\"\/>\n\t\t\t<input type=\"hidden\" name=\"form_id\" value=\"3ca0fe4\"\/>\n\t\t\t<input type=\"hidden\" name=\"referer_title\" value=\"Contact &amp; acc\u00e8s - La Cote Bleue - H\u00f4tel Restaurant \u00e0 Bouzigues\" \/>\n\n\t\t\t\t\t\t\t<input type=\"hidden\" name=\"queried_id\" value=\"134\"\/>\n\t\t\t\n\t\t\t<div class=\"elementor-form-fields-wrapper elementor-labels-above\">\n\t\t\t\t\t\t\t\t<div class=\"elementor-field-type-text elementor-field-group elementor-column elementor-field-group-name elementor-col-50 elementor-field-required elementor-mark-required\">\n\t\t\t\t\t\t\t\t\t\t\t\t<label for=\"form-field-name\" class=\"elementor-field-label\">\n\t\t\t\t\t\t\t\tName\t\t\t\t\t\t\t<\/label>\n\t\t\t\t\t\t\t\t\t\t\t\t\t\t<input size=\"1\" type=\"text\" name=\"form_fields[name]\" id=\"form-field-name\" class=\"elementor-field elementor-size-sm  elementor-field-textual\" placeholder=\"Name *\" required=\"required\" aria-required=\"true\">\n\t\t\t\t\t\t\t\t\t\t\t<\/div>\n\t\t\t\t\t\t\t\t<div class=\"elementor-field-type-text elementor-field-group elementor-column elementor-field-group-field_afe9cf7 elementor-col-50 elementor-field-required elementor-mark-required\">\n\t\t\t\t\t\t\t\t\t\t\t\t<label for=\"form-field-field_afe9cf7\" class=\"elementor-field-label\">\n\t\t\t\t\t\t\t\tFirst name\t\t\t\t\t\t\t<\/label>\n\t\t\t\t\t\t\t\t\t\t\t\t\t\t<input size=\"1\" type=\"text\" name=\"form_fields[field_afe9cf7]\" id=\"form-field-field_afe9cf7\" class=\"elementor-field elementor-size-sm  elementor-field-textual\" placeholder=\"First name *\" required=\"required\" aria-required=\"true\">\n\t\t\t\t\t\t\t\t\t\t\t<\/div>\n\t\t\t\t\t\t\t\t<div class=\"elementor-field-type-email elementor-field-group elementor-column elementor-field-group-email elementor-col-100 elementor-field-required elementor-mark-required\">\n\t\t\t\t\t\t\t\t\t\t\t\t<label for=\"form-field-email\" class=\"elementor-field-label\">\n\t\t\t\t\t\t\t\tE-mail\t\t\t\t\t\t\t<\/label>\n\t\t\t\t\t\t\t\t\t\t\t\t\t\t<input size=\"1\" type=\"email\" name=\"form_fields[email]\" id=\"form-field-email\" class=\"elementor-field elementor-size-sm  elementor-field-textual\" placeholder=\"Email *\" required=\"required\" aria-required=\"true\">\n\t\t\t\t\t\t\t\t\t\t\t<\/div>\n\t\t\t\t\t\t\t\t<div class=\"elementor-field-type-text elementor-field-group elementor-column elementor-field-group-field_cb2ea13 elementor-col-100 elementor-field-required elementor-mark-required\">\n\t\t\t\t\t\t\t\t\t\t\t\t<label for=\"form-field-field_cb2ea13\" class=\"elementor-field-label\">\n\t\t\t\t\t\t\t\tObject\t\t\t\t\t\t\t<\/label>\n\t\t\t\t\t\t\t\t\t\t\t\t\t\t<input size=\"1\" type=\"text\" name=\"form_fields[field_cb2ea13]\" id=\"form-field-field_cb2ea13\" class=\"elementor-field elementor-size-sm  elementor-field-textual\" placeholder=\"Object *\" required=\"required\" aria-required=\"true\">\n\t\t\t\t\t\t\t\t\t\t\t<\/div>\n\t\t\t\t\t\t\t\t<div class=\"elementor-field-type-textarea elementor-field-group elementor-column elementor-field-group-message elementor-col-100 elementor-field-required elementor-mark-required\">\n\t\t\t\t\t\t\t\t\t\t\t\t<label for=\"form-field-message\" class=\"elementor-field-label\">\n\t\t\t\t\t\t\t\tMessage\t\t\t\t\t\t\t<\/label>\n\t\t\t\t\t\t<textarea class=\"elementor-field-textual elementor-field  elementor-size-sm\" name=\"form_fields[message]\" id=\"form-field-message\" rows=\"4\" placeholder=\"Message *\" required=\"required\" aria-required=\"true\"><\/textarea>\t\t\t\t<\/div>\n\t\t\t\t\t\t\t\t<div class=\"elementor-field-type-acceptance elementor-field-group elementor-column elementor-field-group-field_b5c8c69 elementor-col-100 elementor-field-required elementor-mark-required\">\n\t\t\t\t\t\t\t\t\t\t\t\t<label for=\"form-field-field_b5c8c69\" class=\"elementor-field-label\">\n\t\t\t\t\t\t\t\tMessage\t\t\t\t\t\t\t<\/label>\n\t\t\t\t\t\t\t\t<div class=\"elementor-field-subgroup\">\n\t\t\t<span class=\"elementor-field-option\">\n\t\t\t\t<input type=\"checkbox\" name=\"form_fields[field_b5c8c69]\" id=\"form-field-field_b5c8c69\" class=\"elementor-field elementor-size-sm  elementor-acceptance-field\" required=\"required\" aria-required=\"true\">\n\t\t\t\t<label for=\"form-field-field_b5c8c69\"><small>I agree that my personal data will be used in accordance with La C\u00f4te Bleue&#039;s privacy policy.<\/small><\/label>\t\t\t<\/span>\n\t\t<\/div>\n\t\t\t\t\t\t<\/div>\n\t\t\t\t\t\t\t\t<div class=\"elementor-field-type-recaptcha_v3 elementor-field-group elementor-column elementor-field-group-field_1a46891 elementor-col-100 recaptcha_v3-bottomright\">\n\t\t\t\t\t<div class=\"elementor-field\" id=\"form-field-field_1a46891\"><div class=\"elementor-g-recaptcha\" data-sitekey=\"6LcFC4cqAAAAAO2Kn4vrZEDZoeHqFZlX7rdGyN3H\" data-type=\"v3\" data-action=\"Form\" data-badge=\"bottomright\" data-size=\"invisible\"><\/div><\/div>\t\t\t\t<\/div>\n\t\t\t\t\t\t\t\t<div class=\"elementor-field-group elementor-column elementor-field-type-submit elementor-col-100 e-form__buttons\">\n\t\t\t\t\t<button class=\"elementor-button elementor-size-sm\" type=\"submit\">\n\t\t\t\t\t\t<span class=\"elementor-button-content-wrapper\">\n\t\t\t\t\t\t\t\t\t\t\t\t\t\t\t\t\t\t\t\t\t\t<span class=\"elementor-button-text\">Send<\/span>\n\t\t\t\t\t\t\t\t\t\t\t\t\t<\/span>\n\t\t\t\t\t<\/button>\n\t\t\t\t<\/div>\n\t\t\t<\/div>\n\t\t<input type=\"hidden\" name=\"trp-form-language\" value=\"en\"\/><\/form>\n\t\t\t\t<\/div>\n\t\t\t\t<\/div>\n\t\t\t\t<\/div>\n\t\t\t\t\t<\/div>\n\t\t\t\t<\/div>\n\t\t<div class=\"elementor-element elementor-element-f30c43d e-con-full e-flex elementor-invisible e-con e-parent\" data-id=\"f30c43d\" data-element_type=\"container\" data-settings=\"{&quot;animation&quot;:&quot;fadeIn&quot;}\">\n\t\t\t\t<div class=\"elementor-element elementor-element-7b0a31c elementor-widget elementor-widget-google_maps\" data-id=\"7b0a31c\" data-element_type=\"widget\" data-widget_type=\"google_maps.default\">\n\t\t\t\t<div class=\"elementor-widget-container\">\n\t\t\t\t\t<div class=\"elementor-custom-embed\">\n\t\t\t<iframe loading=\"lazy\"\n\t\t\t\t\tsrc=\"https:\/\/maps.google.com\/maps?q=hOTEL%20LA%20COTE%20BLEUE%20BOUZIGUES&#038;t=m&#038;z=14&#038;output=embed&#038;iwloc=near\"\n\t\t\t\t\ttitle=\"HOTEL LA COTE BLEUE BOUZIGUES\"\n\t\t\t\t\taria-label=\"HOTEL LA COTE BLEUE BOUZIGUES\"\n\t\t\t><\/iframe>\n\t\t<\/div>\n\t\t\t\t<\/div>\n\t\t\t\t<\/div>\n\t\t\t\t<\/div>\n\t\t\t\t<\/div>","protected":false},"excerpt":{"rendered":"<p>Contact Contact us by phone, email or form: we will be happy to answer each of your questions. Contact us Lorem ipsum dolor sit amet consectetur. Dui lacus nulla tortor vel leo tristique aliquam mauris pellentesque. Donec orci ut facilisi dictum aliquam sit nisi. Tortor condimentum porta fames id in viverra massa et [\u2026]<\/p>","protected":false},"author":1,"featured_media":0,"parent":0,"menu_order":0,"comment_status":"closed","ping_status":"closed","template":"","meta":{"footnotes":""},"class_list":["post-134","page","type-page","status-publish","hentry"],"yoast_head":"<!-- This site is optimized with the Yoast SEO plugin v23.8 - https:\/\/yoast.com\/wordpress\/plugins\/seo\/ -->\n<title>Contact &amp; acc\u00e8s - La Cote Bleue - H\u00f4tel Restaurant \u00e0 Bouzigues<\/title>\n<meta name=\"robots\" content=\"index, follow, max-snippet:-1, max-image-preview:large, max-video-preview:-1\" \/>\n<link rel=\"canonical\" href=\"https:\/\/www.la-cote-bleue.fr\/en\/contact-acces\/\" \/>\n<meta property=\"og:locale\" content=\"en_GB\" \/>\n<meta property=\"og:type\" content=\"article\" \/>\n<meta property=\"og:title\" content=\"Contact &amp; acc\u00e8s - La Cote Bleue - H\u00f4tel Restaurant \u00e0 Bouzigues\" \/>\n<meta property=\"og:description\" content=\"Contact Contactez-nous par t\u00e9l\u00e9phone, mail ou formulaire : nous nous ferons un plaisir de r\u00e9pondre \u00e0 chacunes de vos questions.\u00a0 Nous joindre Lorem ipsum dolor sit amet consectetur. Dui lacus nulla tortor vel leo tristique aliquam mauris pellentesque. Donec orci ut facilisi dictum aliquam sit nisi. Tortor condimentum porta fames id in viverra massa et [&hellip;]\" \/>\n<meta property=\"og:url\" content=\"https:\/\/www.la-cote-bleue.fr\/en\/contact-acces\/\" \/>\n<meta property=\"og:site_name\" content=\"La Cote Bleue - H\u00f4tel Restaurant \u00e0 Bouzigues\" \/>\n<meta property=\"article:modified_time\" content=\"2025-01-11T13:43:42+00:00\" \/>\n<meta name=\"twitter:card\" content=\"summary_large_image\" \/>\n<meta name=\"twitter:label1\" content=\"Estimated reading time\" \/>\n\t<meta name=\"twitter:data1\" content=\"1 minute\" \/>\n<script type=\"application\/ld+json\" class=\"yoast-schema-graph\">{\"@context\":\"https:\/\/schema.org\",\"@graph\":[{\"@type\":\"WebPage\",\"@id\":\"https:\/\/www.la-cote-bleue.fr\/contact-acces\/\",\"url\":\"https:\/\/www.la-cote-bleue.fr\/contact-acces\/\",\"name\":\"Contact &amp; acc\u00e8s - La Cote Bleue - H\u00f4tel Restaurant \u00e0 Bouzigues\",\"isPartOf\":{\"@id\":\"https:\/\/www.la-cote-bleue.fr\/#website\"},\"datePublished\":\"2024-11-09T09:40:33+00:00\",\"dateModified\":\"2025-01-11T13:43:42+00:00\",\"breadcrumb\":{\"@id\":\"https:\/\/www.la-cote-bleue.fr\/contact-acces\/#breadcrumb\"},\"inLanguage\":\"en-GB\",\"potentialAction\":[{\"@type\":\"ReadAction\",\"target\":[\"https:\/\/www.la-cote-bleue.fr\/contact-acces\/\"]}]},{\"@type\":\"BreadcrumbList\",\"@id\":\"https:\/\/www.la-cote-bleue.fr\/contact-acces\/#breadcrumb\",\"itemListElement\":[{\"@type\":\"ListItem\",\"position\":1,\"name\":\"Accueil\",\"item\":\"https:\/\/www.la-cote-bleue.fr\/\"},{\"@type\":\"ListItem\",\"position\":2,\"name\":\"Contact &amp; acc\u00e8s\"}]},{\"@type\":\"WebSite\",\"@id\":\"https:\/\/www.la-cote-bleue.fr\/#website\",\"url\":\"https:\/\/www.la-cote-bleue.fr\/\",\"name\":\"La Cote Bleue\",\"description\":\"H\u00f4tel Restaurant \u00e0 Bouzigues au bord de l&#039;\u00e9tang de Thau\",\"publisher\":{\"@id\":\"https:\/\/www.la-cote-bleue.fr\/#organization\"},\"potentialAction\":[{\"@type\":\"SearchAction\",\"target\":{\"@type\":\"EntryPoint\",\"urlTemplate\":\"https:\/\/www.la-cote-bleue.fr\/?s={search_term_string}\"},\"query-input\":{\"@type\":\"PropertyValueSpecification\",\"valueRequired\":true,\"valueName\":\"search_term_string\"}}],\"inLanguage\":\"en-GB\"},{\"@type\":\"Organization\",\"@id\":\"https:\/\/www.la-cote-bleue.fr\/#organization\",\"name\":\"La Cote Bleue\",\"url\":\"https:\/\/www.la-cote-bleue.fr\/\",\"logo\":{\"@type\":\"ImageObject\",\"inLanguage\":\"en-GB\",\"@id\":\"https:\/\/www.la-cote-bleue.fr\/#\/schema\/logo\/image\/\",\"url\":\"https:\/\/www.la-cote-bleue.fr\/wp-content\/uploads\/2024\/10\/cropped-logo_white-768x768-1.png\",\"contentUrl\":\"https:\/\/www.la-cote-bleue.fr\/wp-content\/uploads\/2024\/10\/cropped-logo_white-768x768-1.png\",\"width\":512,\"height\":512,\"caption\":\"La Cote Bleue\"},\"image\":{\"@id\":\"https:\/\/www.la-cote-bleue.fr\/#\/schema\/logo\/image\/\"}}]}<\/script>\n<!-- \/ Yoast SEO plugin. -->","yoast_head_json":{"title":"Contact &amp; acc\u00e8s - La Cote Bleue - H\u00f4tel Restaurant \u00e0 Bouzigues","robots":{"index":"index","follow":"follow","max-snippet":"max-snippet:-1","max-image-preview":"max-image-preview:large","max-video-preview":"max-video-preview:-1"},"canonical":"https:\/\/www.la-cote-bleue.fr\/en\/contact-acces\/","og_locale":"en_GB","og_type":"article","og_title":"Contact &amp; acc\u00e8s - La Cote Bleue - H\u00f4tel Restaurant \u00e0 Bouzigues","og_description":"Contact Contactez-nous par t\u00e9l\u00e9phone, mail ou formulaire : nous nous ferons un plaisir de r\u00e9pondre \u00e0 chacunes de vos questions.\u00a0 Nous joindre Lorem ipsum dolor sit amet consectetur. Dui lacus nulla tortor vel leo tristique aliquam mauris pellentesque. Donec orci ut facilisi dictum aliquam sit nisi. Tortor condimentum porta fames id in viverra massa et [&hellip;]","og_url":"https:\/\/www.la-cote-bleue.fr\/en\/contact-acces\/","og_site_name":"La Cote Bleue - H\u00f4tel Restaurant \u00e0 Bouzigues","article_modified_time":"2025-01-11T13:43:42+00:00","twitter_card":"summary_large_image","twitter_misc":{"Estimated reading time":"1 minute"},"schema":{"@context":"https:\/\/schema.org","@graph":[{"@type":"WebPage","@id":"https:\/\/www.la-cote-bleue.fr\/contact-acces\/","url":"https:\/\/www.la-cote-bleue.fr\/contact-acces\/","name":"Contact &amp; acc\u00e8s - La Cote Bleue - H\u00f4tel Restaurant \u00e0 Bouzigues","isPartOf":{"@id":"https:\/\/www.la-cote-bleue.fr\/#website"},"datePublished":"2024-11-09T09:40:33+00:00","dateModified":"2025-01-11T13:43:42+00:00","breadcrumb":{"@id":"https:\/\/www.la-cote-bleue.fr\/contact-acces\/#breadcrumb"},"inLanguage":"en-GB","potentialAction":[{"@type":"ReadAction","target":["https:\/\/www.la-cote-bleue.fr\/contact-acces\/"]}]},{"@type":"BreadcrumbList","@id":"https:\/\/www.la-cote-bleue.fr\/contact-acces\/#breadcrumb","itemListElement":[{"@type":"ListItem","position":1,"name":"Accueil","item":"https:\/\/www.la-cote-bleue.fr\/"},{"@type":"ListItem","position":2,"name":"Contact &amp; acc\u00e8s"}]},{"@type":"WebSite","@id":"https:\/\/www.la-cote-bleue.fr\/#website","url":"https:\/\/www.la-cote-bleue.fr\/","name":"La Cote Bleue","description":"H\u00f4tel Restaurant \u00e0 Bouzigues au bord de l&#039;\u00e9tang de Thau","publisher":{"@id":"https:\/\/www.la-cote-bleue.fr\/#organization"},"potentialAction":[{"@type":"SearchAction","target":{"@type":"EntryPoint","urlTemplate":"https:\/\/www.la-cote-bleue.fr\/?s={search_term_string}"},"query-input":{"@type":"PropertyValueSpecification","valueRequired":true,"valueName":"search_term_string"}}],"inLanguage":"en-GB"},{"@type":"Organization","@id":"https:\/\/www.la-cote-bleue.fr\/#organization","name":"La Cote Bleue","url":"https:\/\/www.la-cote-bleue.fr\/","logo":{"@type":"ImageObject","inLanguage":"en-GB","@id":"https:\/\/www.la-cote-bleue.fr\/#\/schema\/logo\/image\/","url":"https:\/\/www.la-cote-bleue.fr\/wp-content\/uploads\/2024\/10\/cropped-logo_white-768x768-1.png","contentUrl":"https:\/\/www.la-cote-bleue.fr\/wp-content\/uploads\/2024\/10\/cropped-logo_white-768x768-1.png","width":512,"height":512,"caption":"La Cote Bleue"},"image":{"@id":"https:\/\/www.la-cote-bleue.fr\/#\/schema\/logo\/image\/"}}]}},"_links":{"self":[{"href":"https:\/\/www.la-cote-bleue.fr\/en\/wp-json\/wp\/v2\/pages\/134","targetHints":{"allow":["GET"]}}],"collection":[{"href":"https:\/\/www.la-cote-bleue.fr\/en\/wp-json\/wp\/v2\/pages"}],"about":[{"href":"https:\/\/www.la-cote-bleue.fr\/en\/wp-json\/wp\/v2\/types\/page"}],"author":[{"embeddable":true,"href":"https:\/\/www.la-cote-bleue.fr\/en\/wp-json\/wp\/v2\/users\/1"}],"replies":[{"embeddable":true,"href":"https:\/\/www.la-cote-bleue.fr\/en\/wp-json\/wp\/v2\/comments?post=134"}],"version-history":[{"count":19,"href":"https:\/\/www.la-cote-bleue.fr\/en\/wp-json\/wp\/v2\/pages\/134\/revisions"}],"predecessor-version":[{"id":859,"href":"https:\/\/www.la-cote-bleue.fr\/en\/wp-json\/wp\/v2\/pages\/134\/revisions\/859"}],"wp:attachment":[{"href":"https:\/\/www.la-cote-bleue.fr\/en\/wp-json\/wp\/v2\/media?parent=134"}],"curies":[{"name":"wp","href":"https:\/\/api.w.org\/{rel}","templated":true}]}}